{"id":123,"date":"2023-11-28T09:08:54","date_gmt":"2023-11-28T09:08:54","guid":{"rendered":"https:\/\/clover.com.pt\/?page_id=123"},"modified":"2023-11-28T09:11:34","modified_gmt":"2023-11-28T09:11:34","slug":"servicos","status":"publish","type":"page","link":"https:\/\/clover.com.pt\/index.php\/servicos\/","title":{"rendered":"Servi\u00e7os"},"content":{"rendered":"\t\t<div data-elementor-type=\"wp-page\" data-elementor-id=\"123\" class=\"elementor elementor-123\">\n\t\t\t\t\t\t\t<div class=\"elementor-element elementor-element-73a8580 e-flex e-con-boxed e-con e-parent\" data-id=\"73a8580\" data-element_type=\"container\" data-settings=\"{&quot;content_width&quot;:&quot;boxed&quot;}\" data-core-v316-plus=\"true\">\n\t\t\t\t\t<div class=\"e-con-inner\">\n\t\t\t\t<div class=\"elementor-element elementor-element-36891b7 elementor-widget elementor-widget-text-editor\" data-id=\"36891b7\" data-element_type=\"widget\" data-widget_type=\"text-editor.default\">\n\t\t\t\t<div class=\"elementor-widget-container\">\n\t\t\t<style>\/*! elementor - v3.17.0 - 08-11-2023 *\/\n.elementor-widget-text-editor.elementor-drop-cap-view-stacked .elementor-drop-cap{background-color:#69727d;color:#fff}.elementor-widget-text-editor.elementor-drop-cap-view-framed .elementor-drop-cap{color:#69727d;border:3px solid;background-color:transparent}.elementor-widget-text-editor:not(.elementor-drop-cap-view-default) .elementor-drop-cap{margin-top:8px}.elementor-widget-text-editor:not(.elementor-drop-cap-view-default) .elementor-drop-cap-letter{width:1em;height:1em}.elementor-widget-text-editor .elementor-drop-cap{float:left;text-align:center;line-height:1;font-size:50px}.elementor-widget-text-editor .elementor-drop-cap-letter{display:inline-block}<\/style>\t\t\t\t<p style=\"text-align: center;\"><strong>Os nossos Servi\u00e7os:<\/strong><\/p><p>\u00a0<\/p><p><strong>Limpezas Dom\u00e9sticas e Comerciais:<\/strong><\/p><p>Realizamos servi\u00e7os de limpeza minuciosos para garantir que seu espa\u00e7o seja um ambiente saud\u00e1vel e acolhedor. Desde resid\u00eancias at\u00e9 espa\u00e7os comerciais,a nossa equipa qualificada est\u00e1 pronta para atender \u00e0s suas necessidades.<\/p><p>\u00a0<\/p><p><strong>Obras e Manuten\u00e7\u00e3o:<\/strong><\/p><p>Al\u00e9m da limpeza, oferecemos servi\u00e7os de manuten\u00e7\u00e3o abrangentes para garantir que\u00a0 o seu espa\u00e7o esteja sempre em perfeito estado. Seja uma pequena repara\u00e7\u00e3o ou uma grande obra, contamos com profissionais qualificados para realizar o trabalho com efici\u00eancia.<\/p><p>\u00a0<\/p><p><strong>Jardinagem e Manuten\u00e7\u00e3o de Jardins:<\/strong><\/p><p>O nosso compromisso com a beleza e a funcionalidade estende-se aos espa\u00e7os exteriores. Oferecemos servi\u00e7os de jardinagem e manuten\u00e7\u00e3o de jardins para criar e manter ambientes externos deslumbrantes.<\/p>\t\t\t\t\t\t<\/div>\n\t\t\t\t<\/div>\n\t\t\t\t\t<\/div>\n\t\t\t\t<\/div>\n\t\t\t\t\t\t\t<\/div>\n\t\t","protected":false},"excerpt":{"rendered":"<p>Os nossos Servi\u00e7os: Limpezas Dom\u00e9sticas e Comerciais: Realizamos servi\u00e7os de limpeza minuciosos para garantir que seu espa\u00e7o seja um ambiente saud\u00e1vel e acolhedor. Desde resid\u00eancias at\u00e9 espa\u00e7os comerciais,a nossa equipa qualificada est\u00e1 pronta para atender \u00e0s suas necessidades. Obras e Manuten\u00e7\u00e3o: Al\u00e9m da limpeza, oferecemos servi\u00e7os de manuten\u00e7\u00e3o abrangentes para garantir que\u00a0 o seu espa\u00e7o [&hellip;]<\/p>\n","protected":false},"author":1,"featured_media":0,"parent":0,"menu_order":0,"comment_status":"closed","ping_status":"closed","template":"elementor_header_footer","meta":{"footnotes":""},"yoast_head":"<!-- This site is optimized with the Yoast SEO plugin v21.5 - https:\/\/yoast.com\/wordpress\/plugins\/seo\/ -->\n<title>Servi\u00e7os - CLOVER<\/title>\n<meta name=\"robots\" content=\"index, follow, max-snippet:-1, max-image-preview:large, max-video-preview:-1\" \/>\n<link rel=\"canonical\" href=\"https:\/\/clover.com.pt\/index.php\/servicos\/\" \/>\n<meta property=\"og:locale\" content=\"pt_PT\" \/>\n<meta property=\"og:type\" content=\"article\" \/>\n<meta property=\"og:title\" content=\"Servi\u00e7os - CLOVER\" \/>\n<meta property=\"og:description\" content=\"Os nossos Servi\u00e7os: Limpezas Dom\u00e9sticas e Comerciais: Realizamos servi\u00e7os de limpeza minuciosos para garantir que seu espa\u00e7o seja um ambiente saud\u00e1vel e acolhedor. Desde resid\u00eancias at\u00e9 espa\u00e7os comerciais,a nossa equipa qualificada est\u00e1 pronta para atender \u00e0s suas necessidades. Obras e Manuten\u00e7\u00e3o: Al\u00e9m da limpeza, oferecemos servi\u00e7os de manuten\u00e7\u00e3o abrangentes para garantir que\u00a0 o seu espa\u00e7o [&hellip;]\" \/>\n<meta property=\"og:url\" content=\"https:\/\/clover.com.pt\/index.php\/servicos\/\" \/>\n<meta property=\"og:site_name\" content=\"CLOVER\" \/>\n<meta property=\"article:modified_time\" content=\"2023-11-28T09:11:34+00:00\" \/>\n<meta name=\"twitter:card\" content=\"summary_large_image\" \/>\n<meta name=\"twitter:label1\" content=\"Tempo estimado de leitura\" \/>\n\t<meta name=\"twitter:data1\" content=\"1 minuto\" \/>\n<script type=\"application\/ld+json\" class=\"yoast-schema-graph\">{\"@context\":\"https:\/\/schema.org\",\"@graph\":[{\"@type\":\"WebPage\",\"@id\":\"https:\/\/clover.com.pt\/index.php\/servicos\/\",\"url\":\"https:\/\/clover.com.pt\/index.php\/servicos\/\",\"name\":\"Servi\u00e7os - CLOVER\",\"isPartOf\":{\"@id\":\"https:\/\/clover.com.pt\/#website\"},\"datePublished\":\"2023-11-28T09:08:54+00:00\",\"dateModified\":\"2023-11-28T09:11:34+00:00\",\"breadcrumb\":{\"@id\":\"https:\/\/clover.com.pt\/index.php\/servicos\/#breadcrumb\"},\"inLanguage\":\"pt-PT\",\"potentialAction\":[{\"@type\":\"ReadAction\",\"target\":[\"https:\/\/clover.com.pt\/index.php\/servicos\/\"]}]},{\"@type\":\"BreadcrumbList\",\"@id\":\"https:\/\/clover.com.pt\/index.php\/servicos\/#breadcrumb\",\"itemListElement\":[{\"@type\":\"ListItem\",\"position\":1,\"name\":\"In\u00edcio\",\"item\":\"https:\/\/clover.com.pt\/\"},{\"@type\":\"ListItem\",\"position\":2,\"name\":\"Servi\u00e7os\"}]},{\"@type\":\"WebSite\",\"@id\":\"https:\/\/clover.com.pt\/#website\",\"url\":\"https:\/\/clover.com.pt\/\",\"name\":\"CLOVER\",\"description\":\"Home Solutions\",\"publisher\":{\"@id\":\"https:\/\/clover.com.pt\/#organization\"},\"potentialAction\":[{\"@type\":\"SearchAction\",\"target\":{\"@type\":\"EntryPoint\",\"urlTemplate\":\"https:\/\/clover.com.pt\/?s={search_term_string}\"},\"query-input\":\"required name=search_term_string\"}],\"inLanguage\":\"pt-PT\"},{\"@type\":\"Organization\",\"@id\":\"https:\/\/clover.com.pt\/#organization\",\"name\":\"CLOVER\",\"url\":\"https:\/\/clover.com.pt\/\",\"logo\":{\"@type\":\"ImageObject\",\"inLanguage\":\"pt-PT\",\"@id\":\"https:\/\/clover.com.pt\/#\/schema\/logo\/image\/\",\"url\":\"https:\/\/clover.com.pt\/wp-content\/uploads\/2023\/11\/Clover_home_solutions-logo_curvas-X8-e1699803512106.png\",\"contentUrl\":\"https:\/\/clover.com.pt\/wp-content\/uploads\/2023\/11\/Clover_home_solutions-logo_curvas-X8-e1699803512106.png\",\"width\":50,\"height\":43,\"caption\":\"CLOVER\"},\"image\":{\"@id\":\"https:\/\/clover.com.pt\/#\/schema\/logo\/image\/\"}}]}<\/script>\n<!-- \/ Yoast SEO plugin. -->","yoast_head_json":{"title":"Servi\u00e7os - CLOVER","robots":{"index":"index","follow":"follow","max-snippet":"max-snippet:-1","max-image-preview":"max-image-preview:large","max-video-preview":"max-video-preview:-1"},"canonical":"https:\/\/clover.com.pt\/index.php\/servicos\/","og_locale":"pt_PT","og_type":"article","og_title":"Servi\u00e7os - CLOVER","og_description":"Os nossos Servi\u00e7os: Limpezas Dom\u00e9sticas e Comerciais: Realizamos servi\u00e7os de limpeza minuciosos para garantir que seu espa\u00e7o seja um ambiente saud\u00e1vel e acolhedor. Desde resid\u00eancias at\u00e9 espa\u00e7os comerciais,a nossa equipa qualificada est\u00e1 pronta para atender \u00e0s suas necessidades. Obras e Manuten\u00e7\u00e3o: Al\u00e9m da limpeza, oferecemos servi\u00e7os de manuten\u00e7\u00e3o abrangentes para garantir que\u00a0 o seu espa\u00e7o [&hellip;]","og_url":"https:\/\/clover.com.pt\/index.php\/servicos\/","og_site_name":"CLOVER","article_modified_time":"2023-11-28T09:11:34+00:00","twitter_card":"summary_large_image","twitter_misc":{"Tempo estimado de leitura":"1 minuto"},"schema":{"@context":"https:\/\/schema.org","@graph":[{"@type":"WebPage","@id":"https:\/\/clover.com.pt\/index.php\/servicos\/","url":"https:\/\/clover.com.pt\/index.php\/servicos\/","name":"Servi\u00e7os - CLOVER","isPartOf":{"@id":"https:\/\/clover.com.pt\/#website"},"datePublished":"2023-11-28T09:08:54+00:00","dateModified":"2023-11-28T09:11:34+00:00","breadcrumb":{"@id":"https:\/\/clover.com.pt\/index.php\/servicos\/#breadcrumb"},"inLanguage":"pt-PT","potentialAction":[{"@type":"ReadAction","target":["https:\/\/clover.com.pt\/index.php\/servicos\/"]}]},{"@type":"BreadcrumbList","@id":"https:\/\/clover.com.pt\/index.php\/servicos\/#breadcrumb","itemListElement":[{"@type":"ListItem","position":1,"name":"In\u00edcio","item":"https:\/\/clover.com.pt\/"},{"@type":"ListItem","position":2,"name":"Servi\u00e7os"}]},{"@type":"WebSite","@id":"https:\/\/clover.com.pt\/#website","url":"https:\/\/clover.com.pt\/","name":"CLOVER","description":"Home Solutions","publisher":{"@id":"https:\/\/clover.com.pt\/#organization"},"potentialAction":[{"@type":"SearchAction","target":{"@type":"EntryPoint","urlTemplate":"https:\/\/clover.com.pt\/?s={search_term_string}"},"query-input":"required name=search_term_string"}],"inLanguage":"pt-PT"},{"@type":"Organization","@id":"https:\/\/clover.com.pt\/#organization","name":"CLOVER","url":"https:\/\/clover.com.pt\/","logo":{"@type":"ImageObject","inLanguage":"pt-PT","@id":"https:\/\/clover.com.pt\/#\/schema\/logo\/image\/","url":"https:\/\/clover.com.pt\/wp-content\/uploads\/2023\/11\/Clover_home_solutions-logo_curvas-X8-e1699803512106.png","contentUrl":"https:\/\/clover.com.pt\/wp-content\/uploads\/2023\/11\/Clover_home_solutions-logo_curvas-X8-e1699803512106.png","width":50,"height":43,"caption":"CLOVER"},"image":{"@id":"https:\/\/clover.com.pt\/#\/schema\/logo\/image\/"}}]}},"_links":{"self":[{"href":"https:\/\/clover.com.pt\/index.php\/wp-json\/wp\/v2\/pages\/123"}],"collection":[{"href":"https:\/\/clover.com.pt\/index.php\/wp-json\/wp\/v2\/pages"}],"about":[{"href":"https:\/\/clover.com.pt\/index.php\/wp-json\/wp\/v2\/types\/page"}],"author":[{"embeddable":true,"href":"https:\/\/clover.com.pt\/index.php\/wp-json\/wp\/v2\/users\/1"}],"replies":[{"embeddable":true,"href":"https:\/\/clover.com.pt\/index.php\/wp-json\/wp\/v2\/comments?post=123"}],"version-history":[{"count":4,"href":"https:\/\/clover.com.pt\/index.php\/wp-json\/wp\/v2\/pages\/123\/revisions"}],"predecessor-version":[{"id":129,"href":"https:\/\/clover.com.pt\/index.php\/wp-json\/wp\/v2\/pages\/123\/revisions\/129"}],"wp:attachment":[{"href":"https:\/\/clover.com.pt\/index.php\/wp-json\/wp\/v2\/media?parent=123"}],"curies":[{"name":"wp","href":"https:\/\/api.w.org\/{rel}","templated":true}]}}