{"id":45,"date":"2023-11-12T16:06:09","date_gmt":"2023-11-12T16:06:09","guid":{"rendered":"https:\/\/clover.com.pt\/index.php\/make-a-great-website-with-specia\/"},"modified":"2023-11-12T16:30:40","modified_gmt":"2023-11-12T16:30:40","slug":"make-a-great-website-with-specia","status":"publish","type":"page","link":"https:\/\/clover.com.pt\/index.php\/make-a-great-website-with-specia\/","title":{"rendered":"Remodela\u00e7\u00f5es e constru\u00e7\u00f5es \u00e9 na <span>Clover Home Solutions<\/span>"},"content":{"rendered":"<p>Fazemos remodela\u00e7\u00f5es e reconstru\u00e7\u00f5es em espa\u00e7os comerciais e residenciais<\/p>\n","protected":false},"excerpt":{"rendered":"<p>Fazemos remodela\u00e7\u00f5es e reconstru\u00e7\u00f5es em espa\u00e7os comerciais e residenciais<\/p>\n","protected":false},"author":1,"featured_media":74,"parent":0,"menu_order":0,"comment_status":"closed","ping_status":"closed","template":"","meta":{"footnotes":""},"yoast_head":"<!-- This site is optimized with the Yoast SEO plugin v21.5 - https:\/\/yoast.com\/wordpress\/plugins\/seo\/ -->\n<title>Remodela\u00e7\u00f5es e constru\u00e7\u00f5es \u00e9 na Clover Home Solutions - CLOVER<\/title>\n<meta name=\"robots\" content=\"index, follow, max-snippet:-1, max-image-preview:large, max-video-preview:-1\" \/>\n<link rel=\"canonical\" href=\"https:\/\/clover.com.pt\/index.php\/make-a-great-website-with-specia\/\" \/>\n<meta property=\"og:locale\" content=\"pt_PT\" \/>\n<meta property=\"og:type\" content=\"article\" \/>\n<meta property=\"og:title\" content=\"Remodela\u00e7\u00f5es e constru\u00e7\u00f5es \u00e9 na Clover Home Solutions - CLOVER\" \/>\n<meta property=\"og:description\" content=\"Fazemos remodela\u00e7\u00f5es e reconstru\u00e7\u00f5es em espa\u00e7os comerciais e residenciais\" \/>\n<meta property=\"og:url\" content=\"https:\/\/clover.com.pt\/index.php\/make-a-great-website-with-specia\/\" \/>\n<meta property=\"og:site_name\" content=\"CLOVER\" \/>\n<meta property=\"article:modified_time\" content=\"2023-11-12T16:30:40+00:00\" \/>\n<meta property=\"og:image\" content=\"https:\/\/clover.com.pt\/wp-content\/uploads\/2023\/11\/furniture-998265_1280.jpg\" \/>\n\t<meta property=\"og:image:width\" content=\"1280\" \/>\n\t<meta property=\"og:image:height\" content=\"768\" \/>\n\t<meta property=\"og:image:type\" content=\"image\/jpeg\" \/>\n<meta name=\"twitter:card\" content=\"summary_large_image\" \/>\n<meta name=\"twitter:label1\" content=\"Tempo estimado de leitura\" \/>\n\t<meta name=\"twitter:data1\" content=\"1 minuto\" \/>\n<script type=\"application\/ld+json\" class=\"yoast-schema-graph\">{\"@context\":\"https:\/\/schema.org\",\"@graph\":[{\"@type\":\"WebPage\",\"@id\":\"https:\/\/clover.com.pt\/index.php\/make-a-great-website-with-specia\/\",\"url\":\"https:\/\/clover.com.pt\/index.php\/make-a-great-website-with-specia\/\",\"name\":\"Remodela\u00e7\u00f5es e constru\u00e7\u00f5es \u00e9 na Clover Home Solutions - CLOVER\",\"isPartOf\":{\"@id\":\"https:\/\/clover.com.pt\/#website\"},\"datePublished\":\"2023-11-12T16:06:09+00:00\",\"dateModified\":\"2023-11-12T16:30:40+00:00\",\"breadcrumb\":{\"@id\":\"https:\/\/clover.com.pt\/index.php\/make-a-great-website-with-specia\/#breadcrumb\"},\"inLanguage\":\"pt-PT\",\"potentialAction\":[{\"@type\":\"ReadAction\",\"target\":[\"https:\/\/clover.com.pt\/index.php\/make-a-great-website-with-specia\/\"]}]},{\"@type\":\"BreadcrumbList\",\"@id\":\"https:\/\/clover.com.pt\/index.php\/make-a-great-website-with-specia\/#breadcrumb\",\"itemListElement\":[{\"@type\":\"ListItem\",\"position\":1,\"name\":\"In\u00edcio\",\"item\":\"https:\/\/clover.com.pt\/\"},{\"@type\":\"ListItem\",\"position\":2,\"name\":\"Remodela\u00e7\u00f5es e constru\u00e7\u00f5es \u00e9 na Clover Home Solutions\"}]},{\"@type\":\"WebSite\",\"@id\":\"https:\/\/clover.com.pt\/#website\",\"url\":\"https:\/\/clover.com.pt\/\",\"name\":\"CLOVER\",\"description\":\"Home Solutions\",\"publisher\":{\"@id\":\"https:\/\/clover.com.pt\/#organization\"},\"potentialAction\":[{\"@type\":\"SearchAction\",\"target\":{\"@type\":\"EntryPoint\",\"urlTemplate\":\"https:\/\/clover.com.pt\/?s={search_term_string}\"},\"query-input\":\"required name=search_term_string\"}],\"inLanguage\":\"pt-PT\"},{\"@type\":\"Organization\",\"@id\":\"https:\/\/clover.com.pt\/#organization\",\"name\":\"CLOVER\",\"url\":\"https:\/\/clover.com.pt\/\",\"logo\":{\"@type\":\"ImageObject\",\"inLanguage\":\"pt-PT\",\"@id\":\"https:\/\/clover.com.pt\/#\/schema\/logo\/image\/\",\"url\":\"https:\/\/clover.com.pt\/wp-content\/uploads\/2023\/11\/Clover_home_solutions-logo_curvas-X8-e1699803512106.png\",\"contentUrl\":\"https:\/\/clover.com.pt\/wp-content\/uploads\/2023\/11\/Clover_home_solutions-logo_curvas-X8-e1699803512106.png\",\"width\":50,\"height\":43,\"caption\":\"CLOVER\"},\"image\":{\"@id\":\"https:\/\/clover.com.pt\/#\/schema\/logo\/image\/\"}}]}<\/script>\n<!-- \/ Yoast SEO plugin. -->","yoast_head_json":{"title":"Remodela\u00e7\u00f5es e constru\u00e7\u00f5es \u00e9 na Clover Home Solutions - CLOVER","robots":{"index":"index","follow":"follow","max-snippet":"max-snippet:-1","max-image-preview":"max-image-preview:large","max-video-preview":"max-video-preview:-1"},"canonical":"https:\/\/clover.com.pt\/index.php\/make-a-great-website-with-specia\/","og_locale":"pt_PT","og_type":"article","og_title":"Remodela\u00e7\u00f5es e constru\u00e7\u00f5es \u00e9 na Clover Home Solutions - CLOVER","og_description":"Fazemos remodela\u00e7\u00f5es e reconstru\u00e7\u00f5es em espa\u00e7os comerciais e residenciais","og_url":"https:\/\/clover.com.pt\/index.php\/make-a-great-website-with-specia\/","og_site_name":"CLOVER","article_modified_time":"2023-11-12T16:30:40+00:00","og_image":[{"width":1280,"height":768,"url":"https:\/\/clover.com.pt\/wp-content\/uploads\/2023\/11\/furniture-998265_1280.jpg","type":"image\/jpeg"}],"twitter_card":"summary_large_image","twitter_misc":{"Tempo estimado de leitura":"1 minuto"},"schema":{"@context":"https:\/\/schema.org","@graph":[{"@type":"WebPage","@id":"https:\/\/clover.com.pt\/index.php\/make-a-great-website-with-specia\/","url":"https:\/\/clover.com.pt\/index.php\/make-a-great-website-with-specia\/","name":"Remodela\u00e7\u00f5es e constru\u00e7\u00f5es \u00e9 na Clover Home Solutions - CLOVER","isPartOf":{"@id":"https:\/\/clover.com.pt\/#website"},"datePublished":"2023-11-12T16:06:09+00:00","dateModified":"2023-11-12T16:30:40+00:00","breadcrumb":{"@id":"https:\/\/clover.com.pt\/index.php\/make-a-great-website-with-specia\/#breadcrumb"},"inLanguage":"pt-PT","potentialAction":[{"@type":"ReadAction","target":["https:\/\/clover.com.pt\/index.php\/make-a-great-website-with-specia\/"]}]},{"@type":"BreadcrumbList","@id":"https:\/\/clover.com.pt\/index.php\/make-a-great-website-with-specia\/#breadcrumb","itemListElement":[{"@type":"ListItem","position":1,"name":"In\u00edcio","item":"https:\/\/clover.com.pt\/"},{"@type":"ListItem","position":2,"name":"Remodela\u00e7\u00f5es e constru\u00e7\u00f5es \u00e9 na Clover Home Solutions"}]},{"@type":"WebSite","@id":"https:\/\/clover.com.pt\/#website","url":"https:\/\/clover.com.pt\/","name":"CLOVER","description":"Home Solutions","publisher":{"@id":"https:\/\/clover.com.pt\/#organization"},"potentialAction":[{"@type":"SearchAction","target":{"@type":"EntryPoint","urlTemplate":"https:\/\/clover.com.pt\/?s={search_term_string}"},"query-input":"required name=search_term_string"}],"inLanguage":"pt-PT"},{"@type":"Organization","@id":"https:\/\/clover.com.pt\/#organization","name":"CLOVER","url":"https:\/\/clover.com.pt\/","logo":{"@type":"ImageObject","inLanguage":"pt-PT","@id":"https:\/\/clover.com.pt\/#\/schema\/logo\/image\/","url":"https:\/\/clover.com.pt\/wp-content\/uploads\/2023\/11\/Clover_home_solutions-logo_curvas-X8-e1699803512106.png","contentUrl":"https:\/\/clover.com.pt\/wp-content\/uploads\/2023\/11\/Clover_home_solutions-logo_curvas-X8-e1699803512106.png","width":50,"height":43,"caption":"CLOVER"},"image":{"@id":"https:\/\/clover.com.pt\/#\/schema\/logo\/image\/"}}]}},"_links":{"self":[{"href":"https:\/\/clover.com.pt\/index.php\/wp-json\/wp\/v2\/pages\/45"}],"collection":[{"href":"https:\/\/clover.com.pt\/index.php\/wp-json\/wp\/v2\/pages"}],"about":[{"href":"https:\/\/clover.com.pt\/index.php\/wp-json\/wp\/v2\/types\/page"}],"author":[{"embeddable":true,"href":"https:\/\/clover.com.pt\/index.php\/wp-json\/wp\/v2\/users\/1"}],"replies":[{"embeddable":true,"href":"https:\/\/clover.com.pt\/index.php\/wp-json\/wp\/v2\/comments?post=45"}],"version-history":[{"count":3,"href":"https:\/\/clover.com.pt\/index.php\/wp-json\/wp\/v2\/pages\/45\/revisions"}],"predecessor-version":[{"id":77,"href":"https:\/\/clover.com.pt\/index.php\/wp-json\/wp\/v2\/pages\/45\/revisions\/77"}],"wp:featuredmedia":[{"embeddable":true,"href":"https:\/\/clover.com.pt\/index.php\/wp-json\/wp\/v2\/media\/74"}],"wp:attachment":[{"href":"https:\/\/clover.com.pt\/index.php\/wp-json\/wp\/v2\/media?parent=45"}],"curies":[{"name":"wp","href":"https:\/\/api.w.org\/{rel}","templated":true}]}}