{"id":80,"date":"2023-11-12T16:32:41","date_gmt":"2023-11-12T16:32:41","guid":{"rendered":"https:\/\/clover.com.pt\/?page_id=80"},"modified":"2023-11-12T18:44:23","modified_gmt":"2023-11-12T18:44:23","slug":"reconstrucao","status":"publish","type":"page","link":"https:\/\/clover.com.pt\/index.php\/reconstrucao\/","title":{"rendered":"Reconstru\u00e7\u00e3o"},"content":{"rendered":"<ul>\n<li><span style=\"color: #ffffff;\"><strong>Reconstru\u00e7\u00e3o e remodela\u00e7\u00e3o de espa\u00e7os comerciais e residenciais<\/strong><\/span><\/li>\n<li><span style=\"color: #ffffff;\"><strong>Decora\u00e7\u00e3o de interiores<\/strong><\/span><\/li>\n<\/ul>\n","protected":false},"excerpt":{"rendered":"<p>Reconstru\u00e7\u00e3o e remodela\u00e7\u00e3o de espa\u00e7os comerciais e residenciais Decora\u00e7\u00e3o de interiores<\/p>\n","protected":false},"author":1,"featured_media":70,"parent":0,"menu_order":0,"comment_status":"closed","ping_status":"closed","template":"","meta":{"footnotes":""},"yoast_head":"<!-- This site is optimized with the Yoast SEO plugin v21.5 - https:\/\/yoast.com\/wordpress\/plugins\/seo\/ -->\n<title>Reconstru\u00e7\u00e3o - CLOVER<\/title>\n<meta name=\"robots\" content=\"index, follow, max-snippet:-1, max-image-preview:large, max-video-preview:-1\" \/>\n<link rel=\"canonical\" href=\"https:\/\/clover.com.pt\/index.php\/reconstrucao\/\" \/>\n<meta property=\"og:locale\" content=\"pt_PT\" \/>\n<meta property=\"og:type\" content=\"article\" \/>\n<meta property=\"og:title\" content=\"Reconstru\u00e7\u00e3o - CLOVER\" \/>\n<meta property=\"og:description\" content=\"Reconstru\u00e7\u00e3o e remodela\u00e7\u00e3o de espa\u00e7os comerciais e residenciais Decora\u00e7\u00e3o de interiores\" \/>\n<meta property=\"og:url\" content=\"https:\/\/clover.com.pt\/index.php\/reconstrucao\/\" \/>\n<meta property=\"og:site_name\" content=\"CLOVER\" \/>\n<meta property=\"article:modified_time\" content=\"2023-11-12T18:44:23+00:00\" \/>\n<meta property=\"og:image\" content=\"https:\/\/clover.com.pt\/wp-content\/uploads\/2023\/11\/office-730681_1280.jpg\" \/>\n\t<meta property=\"og:image:width\" content=\"1280\" \/>\n\t<meta property=\"og:image:height\" content=\"855\" \/>\n\t<meta property=\"og:image:type\" content=\"image\/jpeg\" \/>\n<meta name=\"twitter:card\" content=\"summary_large_image\" \/>\n<meta name=\"twitter:label1\" content=\"Tempo estimado de leitura\" \/>\n\t<meta name=\"twitter:data1\" content=\"1 minuto\" \/>\n<script type=\"application\/ld+json\" class=\"yoast-schema-graph\">{\"@context\":\"https:\/\/schema.org\",\"@graph\":[{\"@type\":\"WebPage\",\"@id\":\"https:\/\/clover.com.pt\/index.php\/reconstrucao\/\",\"url\":\"https:\/\/clover.com.pt\/index.php\/reconstrucao\/\",\"name\":\"Reconstru\u00e7\u00e3o - CLOVER\",\"isPartOf\":{\"@id\":\"https:\/\/clover.com.pt\/#website\"},\"datePublished\":\"2023-11-12T16:32:41+00:00\",\"dateModified\":\"2023-11-12T18:44:23+00:00\",\"breadcrumb\":{\"@id\":\"https:\/\/clover.com.pt\/index.php\/reconstrucao\/#breadcrumb\"},\"inLanguage\":\"pt-PT\",\"potentialAction\":[{\"@type\":\"ReadAction\",\"target\":[\"https:\/\/clover.com.pt\/index.php\/reconstrucao\/\"]}]},{\"@type\":\"BreadcrumbList\",\"@id\":\"https:\/\/clover.com.pt\/index.php\/reconstrucao\/#breadcrumb\",\"itemListElement\":[{\"@type\":\"ListItem\",\"position\":1,\"name\":\"In\u00edcio\",\"item\":\"https:\/\/clover.com.pt\/\"},{\"@type\":\"ListItem\",\"position\":2,\"name\":\"Reconstru\u00e7\u00e3o\"}]},{\"@type\":\"WebSite\",\"@id\":\"https:\/\/clover.com.pt\/#website\",\"url\":\"https:\/\/clover.com.pt\/\",\"name\":\"CLOVER\",\"description\":\"Home Solutions\",\"publisher\":{\"@id\":\"https:\/\/clover.com.pt\/#organization\"},\"potentialAction\":[{\"@type\":\"SearchAction\",\"target\":{\"@type\":\"EntryPoint\",\"urlTemplate\":\"https:\/\/clover.com.pt\/?s={search_term_string}\"},\"query-input\":\"required name=search_term_string\"}],\"inLanguage\":\"pt-PT\"},{\"@type\":\"Organization\",\"@id\":\"https:\/\/clover.com.pt\/#organization\",\"name\":\"CLOVER\",\"url\":\"https:\/\/clover.com.pt\/\",\"logo\":{\"@type\":\"ImageObject\",\"inLanguage\":\"pt-PT\",\"@id\":\"https:\/\/clover.com.pt\/#\/schema\/logo\/image\/\",\"url\":\"https:\/\/clover.com.pt\/wp-content\/uploads\/2023\/11\/Clover_home_solutions-logo_curvas-X8-e1699803512106.png\",\"contentUrl\":\"https:\/\/clover.com.pt\/wp-content\/uploads\/2023\/11\/Clover_home_solutions-logo_curvas-X8-e1699803512106.png\",\"width\":50,\"height\":43,\"caption\":\"CLOVER\"},\"image\":{\"@id\":\"https:\/\/clover.com.pt\/#\/schema\/logo\/image\/\"}}]}<\/script>\n<!-- \/ Yoast SEO plugin. -->","yoast_head_json":{"title":"Reconstru\u00e7\u00e3o - CLOVER","robots":{"index":"index","follow":"follow","max-snippet":"max-snippet:-1","max-image-preview":"max-image-preview:large","max-video-preview":"max-video-preview:-1"},"canonical":"https:\/\/clover.com.pt\/index.php\/reconstrucao\/","og_locale":"pt_PT","og_type":"article","og_title":"Reconstru\u00e7\u00e3o - CLOVER","og_description":"Reconstru\u00e7\u00e3o e remodela\u00e7\u00e3o de espa\u00e7os comerciais e residenciais Decora\u00e7\u00e3o de interiores","og_url":"https:\/\/clover.com.pt\/index.php\/reconstrucao\/","og_site_name":"CLOVER","article_modified_time":"2023-11-12T18:44:23+00:00","og_image":[{"width":1280,"height":855,"url":"https:\/\/clover.com.pt\/wp-content\/uploads\/2023\/11\/office-730681_1280.jpg","type":"image\/jpeg"}],"twitter_card":"summary_large_image","twitter_misc":{"Tempo estimado de leitura":"1 minuto"},"schema":{"@context":"https:\/\/schema.org","@graph":[{"@type":"WebPage","@id":"https:\/\/clover.com.pt\/index.php\/reconstrucao\/","url":"https:\/\/clover.com.pt\/index.php\/reconstrucao\/","name":"Reconstru\u00e7\u00e3o - CLOVER","isPartOf":{"@id":"https:\/\/clover.com.pt\/#website"},"datePublished":"2023-11-12T16:32:41+00:00","dateModified":"2023-11-12T18:44:23+00:00","breadcrumb":{"@id":"https:\/\/clover.com.pt\/index.php\/reconstrucao\/#breadcrumb"},"inLanguage":"pt-PT","potentialAction":[{"@type":"ReadAction","target":["https:\/\/clover.com.pt\/index.php\/reconstrucao\/"]}]},{"@type":"BreadcrumbList","@id":"https:\/\/clover.com.pt\/index.php\/reconstrucao\/#breadcrumb","itemListElement":[{"@type":"ListItem","position":1,"name":"In\u00edcio","item":"https:\/\/clover.com.pt\/"},{"@type":"ListItem","position":2,"name":"Reconstru\u00e7\u00e3o"}]},{"@type":"WebSite","@id":"https:\/\/clover.com.pt\/#website","url":"https:\/\/clover.com.pt\/","name":"CLOVER","description":"Home Solutions","publisher":{"@id":"https:\/\/clover.com.pt\/#organization"},"potentialAction":[{"@type":"SearchAction","target":{"@type":"EntryPoint","urlTemplate":"https:\/\/clover.com.pt\/?s={search_term_string}"},"query-input":"required name=search_term_string"}],"inLanguage":"pt-PT"},{"@type":"Organization","@id":"https:\/\/clover.com.pt\/#organization","name":"CLOVER","url":"https:\/\/clover.com.pt\/","logo":{"@type":"ImageObject","inLanguage":"pt-PT","@id":"https:\/\/clover.com.pt\/#\/schema\/logo\/image\/","url":"https:\/\/clover.com.pt\/wp-content\/uploads\/2023\/11\/Clover_home_solutions-logo_curvas-X8-e1699803512106.png","contentUrl":"https:\/\/clover.com.pt\/wp-content\/uploads\/2023\/11\/Clover_home_solutions-logo_curvas-X8-e1699803512106.png","width":50,"height":43,"caption":"CLOVER"},"image":{"@id":"https:\/\/clover.com.pt\/#\/schema\/logo\/image\/"}}]}},"_links":{"self":[{"href":"https:\/\/clover.com.pt\/index.php\/wp-json\/wp\/v2\/pages\/80"}],"collection":[{"href":"https:\/\/clover.com.pt\/index.php\/wp-json\/wp\/v2\/pages"}],"about":[{"href":"https:\/\/clover.com.pt\/index.php\/wp-json\/wp\/v2\/types\/page"}],"author":[{"embeddable":true,"href":"https:\/\/clover.com.pt\/index.php\/wp-json\/wp\/v2\/users\/1"}],"replies":[{"embeddable":true,"href":"https:\/\/clover.com.pt\/index.php\/wp-json\/wp\/v2\/comments?post=80"}],"version-history":[{"count":8,"href":"https:\/\/clover.com.pt\/index.php\/wp-json\/wp\/v2\/pages\/80\/revisions"}],"predecessor-version":[{"id":114,"href":"https:\/\/clover.com.pt\/index.php\/wp-json\/wp\/v2\/pages\/80\/revisions\/114"}],"wp:featuredmedia":[{"embeddable":true,"href":"https:\/\/clover.com.pt\/index.php\/wp-json\/wp\/v2\/media\/70"}],"wp:attachment":[{"href":"https:\/\/clover.com.pt\/index.php\/wp-json\/wp\/v2\/media?parent=80"}],"curies":[{"name":"wp","href":"https:\/\/api.w.org\/{rel}","templated":true}]}}